{"id":162,"date":"2024-11-15T12:48:31","date_gmt":"2024-11-15T11:48:31","guid":{"rendered":"https:\/\/zgk.radlin.pl\/zgk\/?page_id=162"},"modified":"2025-06-03T10:14:54","modified_gmt":"2025-06-03T08:14:54","slug":"przetargi","status":"publish","type":"page","link":"https:\/\/zgk.radlin.pl\/zgk\/index.php\/przetargi\/","title":{"rendered":"PRZETARGI"},"content":{"rendered":"\n<p>Post\u0119powania przetargowe udost\u0119pniane s\u0105 na stronie <a href=\"https:\/\/platformazakupowa.pl\/all\" data-type=\"link\" data-id=\"https:\/\/platformazakupowa.pl\/all\">www.platformazakupowa.pl<\/a>, po wpisaniu <br>w wyszukiwark\u0119 nazwy jednostki wy\u015bwietlone zostan\u0105 aktualnie trwaj\u0105ce post\u0119powania.<\/p>\n\n\n\n<p><\/p>\n","protected":false},"excerpt":{"rendered":"<p>Post\u0119powania przetargowe udost\u0119pniane s\u0105 na stronie www.platformazakupowa.pl, po wpisaniu w wyszukiwark\u0119 nazwy jednostki wy\u015bwietlone zostan\u0105 aktualnie trwaj\u0105ce post\u0119powania.<\/p>\n","protected":false},"author":3,"featured_media":0,"parent":0,"menu_order":0,"comment_status":"closed","ping_status":"closed","template":"","meta":{"footnotes":""},"class_list":["post-162","page","type-page","status-publish","hentry"],"_links":{"self":[{"href":"https:\/\/zgk.radlin.pl\/zgk\/index.php\/wp-json\/wp\/v2\/pages\/162","targetHints":{"allow":["GET"]}}],"collection":[{"href":"https:\/\/zgk.radlin.pl\/zgk\/index.php\/wp-json\/wp\/v2\/pages"}],"about":[{"href":"https:\/\/zgk.radlin.pl\/zgk\/index.php\/wp-json\/wp\/v2\/types\/page"}],"author":[{"embeddable":true,"href":"https:\/\/zgk.radlin.pl\/zgk\/index.php\/wp-json\/wp\/v2\/users\/3"}],"replies":[{"embeddable":true,"href":"https:\/\/zgk.radlin.pl\/zgk\/index.php\/wp-json\/wp\/v2\/comments?post=162"}],"version-history":[{"count":3,"href":"https:\/\/zgk.radlin.pl\/zgk\/index.php\/wp-json\/wp\/v2\/pages\/162\/revisions"}],"predecessor-version":[{"id":228,"href":"https:\/\/zgk.radlin.pl\/zgk\/index.php\/wp-json\/wp\/v2\/pages\/162\/revisions\/228"}],"wp:attachment":[{"href":"https:\/\/zgk.radlin.pl\/zgk\/index.php\/wp-json\/wp\/v2\/media?parent=162"}],"curies":[{"name":"wp","href":"https:\/\/api.w.org\/{rel}","templated":true}]}}