{"id":170,"date":"2024-11-15T12:50:43","date_gmt":"2024-11-15T11:50:43","guid":{"rendered":"https:\/\/zgk.radlin.pl\/zgk\/?page_id=170"},"modified":"2025-11-17T13:31:39","modified_gmt":"2025-11-17T12:31:39","slug":"do-pobrania","status":"publish","type":"page","link":"https:\/\/zgk.radlin.pl\/zgk\/index.php\/do-pobrania\/","title":{"rendered":"DO POBRANIA"},"content":{"rendered":"\n<div class=\"wp-block-group is-layout-grid wp-container-core-group-is-layout-9649a0d9 wp-block-group-is-layout-grid\">\n<div data-wp-interactive=\"core\/file\" class=\"wp-block-file\"><object data-wp-bind--hidden=\"!state.hasPdfPreview\" hidden class=\"wp-block-file__embed\" data=\"https:\/\/zgk.radlin.pl\/zgk\/wp-content\/uploads\/2025\/06\/oswiadczenie-o-zmianie-ilosci-osob-zamieszkalych-w-lokalu.pdf\" type=\"application\/pdf\" style=\"width:100%;height:350px\" aria-label=\"Osadzone z oswiadczenie-o-zmianie-ilosci-osob-zamieszkalych-w-lokalu.\"><\/object><a id=\"wp-block-file--media-9394526e-07d4-43dc-9ff0-2607c5f53dcc\" href=\"https:\/\/zgk.radlin.pl\/zgk\/wp-content\/uploads\/2025\/06\/oswiadczenie-o-zmianie-ilosci-osob-zamieszkalych-w-lokalu.pdf\">oswiadczenie-o-zmianie-ilosci-osob-zamieszkalych-w-lokalu<\/a><a href=\"https:\/\/zgk.radlin.pl\/zgk\/wp-content\/uploads\/2025\/06\/oswiadczenie-o-zmianie-ilosci-osob-zamieszkalych-w-lokalu.pdf\" class=\"wp-block-file__button wp-element-button\" download aria-describedby=\"wp-block-file--media-9394526e-07d4-43dc-9ff0-2607c5f53dcc\">Pobierz<\/a><\/div>\n\n\n\n<div data-wp-interactive=\"core\/file\" class=\"wp-block-file\"><object data-wp-bind--hidden=\"!state.hasPdfPreview\" hidden class=\"wp-block-file__embed\" data=\"https:\/\/zgk.radlin.pl\/zgk\/wp-content\/uploads\/2025\/06\/wniosek-o-zmiane-pobranej-wysokosci-zaliczki-na-wode.pdf\" type=\"application\/pdf\" style=\"width:100%;height:350px\" aria-label=\"Osadzone z wniosek-o-zmiane-pobranej-wysokosci-zaliczki-na-wode.\"><\/object><a id=\"wp-block-file--media-f983eb16-9b55-499f-9870-af291b2133d2\" href=\"https:\/\/zgk.radlin.pl\/zgk\/wp-content\/uploads\/2025\/06\/wniosek-o-zmiane-pobranej-wysokosci-zaliczki-na-wode.pdf\">wniosek-o-zmiane-pobranej-wysokosci-zaliczki-na-wode<\/a><a href=\"https:\/\/zgk.radlin.pl\/zgk\/wp-content\/uploads\/2025\/06\/wniosek-o-zmiane-pobranej-wysokosci-zaliczki-na-wode.pdf\" class=\"wp-block-file__button wp-element-button\" download aria-describedby=\"wp-block-file--media-f983eb16-9b55-499f-9870-af291b2133d2\">Pobierz<\/a><\/div>\n\n\n\n<div data-wp-interactive=\"core\/file\" class=\"wp-block-file wp-container-content-69bc4bdf\"><object data-wp-bind--hidden=\"!state.hasPdfPreview\" hidden class=\"wp-block-file__embed\" data=\"https:\/\/zgk.radlin.pl\/zgk\/wp-content\/uploads\/2025\/11\/Wniosek-o-rozlozenie-zaleglosci-za-czynsz-na-raty.pdf\" type=\"application\/pdf\" style=\"width:100%;height:350px\" aria-label=\"Osadzone z Wniosek o roz\u0142o\u017cenie zaleg\u0142o\u015bci za czynsz na raty.\"><\/object><a id=\"wp-block-file--media-931de79a-4188-40a0-b028-a4bcb6eca22b\" href=\"https:\/\/zgk.radlin.pl\/zgk\/wp-content\/uploads\/2025\/11\/Wniosek-o-rozlozenie-zaleglosci-za-czynsz-na-raty.pdf\">Wniosek o roz\u0142o\u017cenie zaleg\u0142o\u015bci za czynsz na raty<\/a><a href=\"https:\/\/zgk.radlin.pl\/zgk\/wp-content\/uploads\/2025\/11\/Wniosek-o-rozlozenie-zaleglosci-za-czynsz-na-raty.pdf\" class=\"wp-block-file__button wp-element-button\" download aria-describedby=\"wp-block-file--media-931de79a-4188-40a0-b028-a4bcb6eca22b\">Pobierz<\/a><\/div>\n<\/div>\n","protected":false},"excerpt":{"rendered":"","protected":false},"author":3,"featured_media":0,"parent":0,"menu_order":0,"comment_status":"closed","ping_status":"closed","template":"","meta":{"footnotes":""},"class_list":["post-170","page","type-page","status-publish","hentry"],"_links":{"self":[{"href":"https:\/\/zgk.radlin.pl\/zgk\/index.php\/wp-json\/wp\/v2\/pages\/170","targetHints":{"allow":["GET"]}}],"collection":[{"href":"https:\/\/zgk.radlin.pl\/zgk\/index.php\/wp-json\/wp\/v2\/pages"}],"about":[{"href":"https:\/\/zgk.radlin.pl\/zgk\/index.php\/wp-json\/wp\/v2\/types\/page"}],"author":[{"embeddable":true,"href":"https:\/\/zgk.radlin.pl\/zgk\/index.php\/wp-json\/wp\/v2\/users\/3"}],"replies":[{"embeddable":true,"href":"https:\/\/zgk.radlin.pl\/zgk\/index.php\/wp-json\/wp\/v2\/comments?post=170"}],"version-history":[{"count":11,"href":"https:\/\/zgk.radlin.pl\/zgk\/index.php\/wp-json\/wp\/v2\/pages\/170\/revisions"}],"predecessor-version":[{"id":478,"href":"https:\/\/zgk.radlin.pl\/zgk\/index.php\/wp-json\/wp\/v2\/pages\/170\/revisions\/478"}],"wp:attachment":[{"href":"https:\/\/zgk.radlin.pl\/zgk\/index.php\/wp-json\/wp\/v2\/media?parent=170"}],"curies":[{"name":"wp","href":"https:\/\/api.w.org\/{rel}","templated":true}]}}