{"id":292,"date":"2025-06-03T12:47:06","date_gmt":"2025-06-03T10:47:06","guid":{"rendered":"https:\/\/zgk.radlin.pl\/zgk\/?page_id=292"},"modified":"2025-06-03T13:21:30","modified_gmt":"2025-06-03T11:21:30","slug":"punkt-selektywnego-zbierania-odpadow-komunalnych-pszok-w-radlinie","status":"publish","type":"page","link":"https:\/\/zgk.radlin.pl\/zgk\/index.php\/punkt-selektywnego-zbierania-odpadow-komunalnych-pszok-w-radlinie\/","title":{"rendered":"PUNKT SELEKTYWNEGO ZBIERANIA ODPAD\u00d3W KOMUNALNYCH (PSZOK) W RADLINIE"},"content":{"rendered":"\n<p><strong>Telefon kontaktowy: 32 459 02 60<\/strong><\/p>\n\n\n\n<p><strong>Punkt Selektywnego Zbierania Odpad\u00f3w Komunalnych czynny w dniach:<\/strong><\/p>\n\n\n\n<ul class=\"wp-block-list\">\n<li>wtorek od 8.00 do 14.00<\/li>\n\n\n\n<li>\u015broda od 12.00 do 18.00<\/li>\n\n\n\n<li>pi\u0105tek od 8.00 do 14.00<\/li>\n\n\n\n<li>sobota od 9.00 do 17.00<\/li>\n<\/ul>\n\n\n\n<p>za wyj\u0105tkiem dni ustawowo wolnych od pracy.<\/p>\n\n\n\n<p><strong>UWAGA!&nbsp;<\/strong><br><strong>W soboty od pa\u017adziernika do marca PSZOK czynny jest w godzinach 9.00 \u2013 14.30<\/strong><\/p>\n\n\n\n<figure class=\"wp-block-image size-full\"><img loading=\"lazy\" decoding=\"async\" width=\"1024\" height=\"576\" src=\"https:\/\/zgk.radlin.pl\/zgk\/wp-content\/uploads\/2025\/06\/PSZOK-Radlin-1-1024x576-1.jpg\" alt=\"\" class=\"wp-image-296\" srcset=\"https:\/\/zgk.radlin.pl\/zgk\/wp-content\/uploads\/2025\/06\/PSZOK-Radlin-1-1024x576-1.jpg 1024w, https:\/\/zgk.radlin.pl\/zgk\/wp-content\/uploads\/2025\/06\/PSZOK-Radlin-1-1024x576-1-300x169.jpg 300w, https:\/\/zgk.radlin.pl\/zgk\/wp-content\/uploads\/2025\/06\/PSZOK-Radlin-1-1024x576-1-768x432.jpg 768w, https:\/\/zgk.radlin.pl\/zgk\/wp-content\/uploads\/2025\/06\/PSZOK-Radlin-1-1024x576-1-840x473.jpg 840w\" sizes=\"auto, (max-width: 1024px) 100vw, 1024px\" \/><\/figure>\n\n\n<p style=\"text-align: center;\"><strong>Punkt Selektywnego Zbierania Odpad\u00f3w Komunalnych (PSZOK) w Radlinie\u00a0<\/strong>znajduje si\u0119 na terenie miasta Radlin przy ul. J. Rymera (boczny odcinek), niedaleko budynku Urz\u0119du Miasta Radlin.<\/p>\n<p style=\"text-align: center;\">Odpady komunalne dostarczane do Punktu Selektywnego Zbierania Odpad\u00f3w Komunalnych przyjmowane s\u0105 w ramach stawki op\u0142aty za gospodarowanie odpadami komunalnymi.<\/p>\n<p style=\"text-align: center;\">Dostarczane do Punktu Selektywnego Zbierania Odpad\u00f3w Komunalnych musz\u0105 by\u0107 posegregowane. Mieszka\u0144cy dostarczaj\u0105 je we w\u0142asnym zakresie i na w\u0142asny koszt, zobowi\u0105zani s\u0105 do samodzielnego roz\u0142adunku odpad\u00f3w.\u00a0<\/p>\n<p style=\"text-align: center;\">Osoby trzecie, jak r\u00f3wnie\u017c podmioty gospodarcze mog\u0105 przyj\u0105\u0107 zlecenie odpad\u00f3w do PSZOK w imieniu mieszka\u0144ca , jednak\u017ce transportuj\u0105cy zobowi\u0105zany jest przed\u0142o\u017cy\u0107 przedstawicielowi miasta obs\u0142uguj\u0105cemu PSZOK upowa\u017cnienie do transportu odpad\u00f3w, wystawione przez w\u0142a\u015bciciela odpad\u00f3w. Korzystanie z us\u0142ug Punktu Selektywnego Zbierania Odpad\u00f3w Komunalnych jest jednoznaczne z akceptacj\u0105 Regulaminu.<\/p>\n<section class=\"elementor-element elementor-element-de46838 elementor-section-boxed elementor-section-height-default elementor-section-height-default elementor-section elementor-top-section\" data-id=\"de46838\" data-element_type=\"section\">\n<div class=\"elementor-container elementor-column-gap-default\">\n<div class=\"elementor-row\">\n<div class=\"elementor-element elementor-element-70d2dd7 elementor-column elementor-col-100 elementor-top-column\" data-id=\"70d2dd7\" data-element_type=\"column\">\n<div class=\"elementor-column-wrap  elementor-element-populated\">\n<div class=\"elementor-widget-wrap\">\n<div class=\"elementor-element elementor-element-30769aa elementor-widget elementor-widget-heading\" data-id=\"30769aa\" data-element_type=\"widget\" data-widget_type=\"heading.default\">\n<div class=\"elementor-widget-container\">\u00a0<\/div>\n<\/div>\n<\/div>\n<\/div>\n<\/div>\n<\/div>\n<\/div>\n<\/section>\n<section class=\"elementor-element elementor-element-5dbd1a3 elementor-section-boxed elementor-section-height-default elementor-section-height-default elementor-section elementor-top-section\" data-id=\"5dbd1a3\" data-element_type=\"section\">\n<div class=\"elementor-container elementor-column-gap-default\">\n<div class=\"elementor-row\">\n<div class=\"elementor-element elementor-element-eac3917 elementor-column elementor-col-100 elementor-top-column\" data-id=\"eac3917\" data-element_type=\"column\">\n<div class=\"elementor-column-wrap  elementor-element-populated\">\n<div class=\"elementor-widget-wrap\">\n<div class=\"elementor-element elementor-element-8084eec elementor-widget elementor-widget-text-editor\" data-id=\"8084eec\" data-element_type=\"widget\" data-widget_type=\"text-editor.default\">\n<div class=\"elementor-widget-container\">\n<div class=\"elementor-text-editor elementor-clearfix\">\n<p>&nbsp;<\/p>\n<\/div>\n<\/div>\n<\/div>\n<\/div>\n<\/div>\n<\/div>\n<\/div>\n<\/div>\n<\/section>\n<section class=\"elementor-element elementor-element-d7f721e elementor-section-boxed elementor-section-height-default elementor-section-height-default elementor-section elementor-top-section\" data-id=\"d7f721e\" data-element_type=\"section\">\n<div class=\"elementor-container elementor-column-gap-default\">\n<div class=\"elementor-row\">\n<div class=\"elementor-element elementor-element-5eb0f1d elementor-column elementor-col-100 elementor-top-column\" data-id=\"5eb0f1d\" data-element_type=\"column\">\n<div class=\"elementor-column-wrap  elementor-element-populated\">\n<div class=\"elementor-widget-wrap\">\n<div class=\"elementor-element elementor-element-accf1d2 elementor-widget elementor-widget-heading\" data-id=\"accf1d2\" data-element_type=\"widget\" data-widget_type=\"heading.default\">\n<div class=\"elementor-widget-container\">\n<h2 class=\"elementor-heading-title elementor-size-default\">Co mo\u017cna odda\u0107 do PSZOKu?<\/h2>\n<\/div>\n<\/div>\n<\/div>\n<\/div>\n<\/div>\n<\/div>\n<\/div>\n<\/section>\n<section class=\"elementor-element elementor-element-b3e6768 elementor-section-boxed elementor-section-height-default elementor-section-height-default elementor-section elementor-top-section\" data-id=\"b3e6768\" data-element_type=\"section\">\n<div class=\"elementor-container elementor-column-gap-default\">\n<div class=\"elementor-row\">\n<div class=\"elementor-element elementor-element-dd16132 elementor-column elementor-col-100 elementor-top-column\" data-id=\"dd16132\" data-element_type=\"column\">\n<div class=\"elementor-column-wrap  elementor-element-populated\">\n<div class=\"elementor-widget-wrap\">\n<div class=\"elementor-element elementor-element-5f569ef elementor-widget elementor-widget-text-editor\" data-id=\"5f569ef\" data-element_type=\"widget\" data-widget_type=\"text-editor.default\">\n<div class=\"elementor-widget-container\">\n<div class=\"elementor-text-editor elementor-clearfix\">\n<p>W PSZOKu przyjmowane s\u0105:<\/p>\n<ul>\n<li>papier<\/li>\n<li>metale\u00a0<\/li>\n<li>tworzywa sztuczne<\/li>\n<li>szk\u0142o<\/li>\n<li>odpady i opakowania wielomateria\u0142owe<\/li>\n<li>bioodpady<\/li>\n<li>odpady niebezpieczne<\/li>\n<li>przeterminowane leki i chemikalia<\/li>\n<li>odpady niekwalifikuj\u0105ce si\u0119 do odpad\u00f3w medycznych &#8211;\u00a0to odpady powsta\u0142e w gospodarstwie domowym w wyniku przyjmowania produkt\u00f3w w formie iniekcji i prowadzenia monitoringu poziomu substancji we krwi. Obejmuj\u0105 ig\u0142y, strzykawki, peny do insuliny, paski do glukometr\u00f3w oraz automatyczne nak\u0142uwacze.<\/li>\n<li>zu\u017cyte baterie i akumulatory<\/li>\n<li>sprz\u0119t elektryczny i elektroniczny<\/li>\n<li>meble i inne odpady wielkogabarytowe (obowi\u0105zuj\u0105 \u201eLimity i op\u0142aty\u201d)<\/li>\n<li>opony (obowi\u0105zuj\u0105 \u201eLimity i op\u0142aty\u201d)<\/li>\n<li>odpady budowlane i rozbi\u00f3rkowe (obowi\u0105zuj\u0105 \u201eLimity i op\u0142aty\u201d)<\/li>\n<li>tekstylia i odzie\u017c<\/li>\n<li>styropian<\/li>\n<\/ul>\n<\/div>\n<\/div>\n<\/div>\n<\/div>\n<\/div>\n<\/div>\n<\/div>\n<\/div>\n<\/section>\n<section class=\"elementor-element elementor-element-657c54c elementor-section-boxed elementor-section-height-default elementor-section-height-default elementor-section elementor-top-section\" data-id=\"657c54c\" data-element_type=\"section\">\n<div class=\"elementor-container elementor-column-gap-default\">\n<div class=\"elementor-row\">\n<div class=\"elementor-element elementor-element-09daa05 elementor-column elementor-col-100 elementor-top-column\" data-id=\"09daa05\" data-element_type=\"column\">\n<div class=\"elementor-column-wrap  elementor-element-populated\">\n<div class=\"elementor-widget-wrap\">\u00a0<\/div>\n<\/div>\n<\/div>\n<\/div>\n<\/div>\n<\/section>\n<section class=\"elementor-element elementor-element-47dc36f elementor-section-boxed elementor-section-height-default elementor-section-height-default elementor-section elementor-top-section\" data-id=\"47dc36f\" data-element_type=\"section\">\n<div class=\"elementor-container elementor-column-gap-default\">\n<div class=\"elementor-row\">\n<div class=\"elementor-element elementor-element-7ad8177 elementor-column elementor-col-100 elementor-top-column\" data-id=\"7ad8177\" data-element_type=\"column\">\n<div class=\"elementor-column-wrap  elementor-element-populated\">\n<div class=\"elementor-widget-wrap\">\n<div class=\"elementor-element elementor-element-5b5e9b4 elementor-widget elementor-widget-heading\" data-id=\"5b5e9b4\" data-element_type=\"widget\" data-widget_type=\"heading.default\">\n<div class=\"elementor-widget-container\">\n<h2 class=\"elementor-heading-title elementor-size-default\">Czego nie mo\u017cna odda\u0107 do PSZOKu?<\/h2>\n<\/div>\n<\/div>\n<\/div>\n<\/div>\n<\/div>\n<\/div>\n<\/div>\n<\/section>\n<section class=\"elementor-element elementor-element-f35247a elementor-section-boxed elementor-section-height-default elementor-section-height-default elementor-section elementor-top-section\" data-id=\"f35247a\" data-element_type=\"section\">\n<div class=\"elementor-container elementor-column-gap-default\">\n<div class=\"elementor-row\">\n<div class=\"elementor-element elementor-element-bca6380 elementor-column elementor-col-100 elementor-top-column\" data-id=\"bca6380\" data-element_type=\"column\">\n<div class=\"elementor-column-wrap  elementor-element-populated\">\n<div class=\"elementor-widget-wrap\">\n<div class=\"elementor-element elementor-element-e69a962 elementor-widget elementor-widget-text-editor\" data-id=\"e69a962\" data-element_type=\"widget\" data-widget_type=\"text-editor.default\">\n<div class=\"elementor-widget-container\">\n<div class=\"elementor-text-editor elementor-clearfix\">\n<p>Punkt Selektywnego Zbierania Odpad\u00f3w Komunalnych\u00a0<strong>nie przyjmuje:<\/strong><\/p>\n<ul>\n<li>papy<\/li>\n<li>zespo\u0142\u00f3w okiennych<\/li>\n<li>opon z samochod\u00f3w ci\u0119\u017carowych i koparek<\/li>\n<li>cz\u0119\u015bci samochodowych<\/li>\n<li>odpad\u00f3w z remont\u00f3w, powstaj\u0105cych w trakcie rob\u00f3t wykonywanych przez podmiot \u015bwiadcz\u0105cy us\u0142ugi remontowe, kt\u00f3ry jest odpowiedzialny za zagospodarowanie tych odpad\u00f3w zgodnie z obowi\u0105zuj\u0105cymi w tym zakresie przepisami prawa<\/li>\n<li>odpad\u00f3w niebezpiecznych, pozbawionych etykiet<\/li>\n<li>odpad\u00f3w p\u0142ynnych w nieszczelnych pojemnikach<\/li>\n<li>odpad\u00f3w zmieszanych<\/li>\n<li>\u017cu\u017cli i popio\u0142\u00f3w z palenisk domowych.<\/li>\n<\/ul>\n<\/div>\n<p><em>\u0179r\u00f3d\u0142o: <a href=\"https:\/\/miasto.radlin.pl\/pszok\/\">https:\/\/miasto.radlin.pl\/pszok\/<\/a>\u00a0<\/em><\/p>\n<\/div>\n<\/div>\n<\/div>\n<\/div>\n<\/div>\n<\/div>\n<\/div>\n<\/section>","protected":false},"excerpt":{"rendered":"<p>Telefon kontaktowy: 32 459 02 60 Punkt Selektywnego Zbierania Odpad\u00f3w Komunalnych czynny w dniach: za wyj\u0105tkiem dni ustawowo wolnych od pracy. UWAGA!&nbsp;W soboty od pa\u017adziernika &hellip; <\/p>\n","protected":false},"author":3,"featured_media":0,"parent":0,"menu_order":0,"comment_status":"closed","ping_status":"closed","template":"","meta":{"footnotes":""},"class_list":["post-292","page","type-page","status-publish","hentry"],"_links":{"self":[{"href":"https:\/\/zgk.radlin.pl\/zgk\/index.php\/wp-json\/wp\/v2\/pages\/292","targetHints":{"allow":["GET"]}}],"collection":[{"href":"https:\/\/zgk.radlin.pl\/zgk\/index.php\/wp-json\/wp\/v2\/pages"}],"about":[{"href":"https:\/\/zgk.radlin.pl\/zgk\/index.php\/wp-json\/wp\/v2\/types\/page"}],"author":[{"embeddable":true,"href":"https:\/\/zgk.radlin.pl\/zgk\/index.php\/wp-json\/wp\/v2\/users\/3"}],"replies":[{"embeddable":true,"href":"https:\/\/zgk.radlin.pl\/zgk\/index.php\/wp-json\/wp\/v2\/comments?post=292"}],"version-history":[{"count":8,"href":"https:\/\/zgk.radlin.pl\/zgk\/index.php\/wp-json\/wp\/v2\/pages\/292\/revisions"}],"predecessor-version":[{"id":318,"href":"https:\/\/zgk.radlin.pl\/zgk\/index.php\/wp-json\/wp\/v2\/pages\/292\/revisions\/318"}],"wp:attachment":[{"href":"https:\/\/zgk.radlin.pl\/zgk\/index.php\/wp-json\/wp\/v2\/media?parent=292"}],"curies":[{"name":"wp","href":"https:\/\/api.w.org\/{rel}","templated":true}]}}