{"id":314,"date":"2025-06-03T13:17:42","date_gmt":"2025-06-03T11:17:42","guid":{"rendered":"https:\/\/zgk.radlin.pl\/zgk\/?page_id=314"},"modified":"2025-06-03T13:17:43","modified_gmt":"2025-06-03T11:17:43","slug":"limity-i-oplaty","status":"publish","type":"page","link":"https:\/\/zgk.radlin.pl\/zgk\/index.php\/limity-i-oplaty\/","title":{"rendered":"LIMITY I OP\u0141ATY"},"content":{"rendered":"\n<ul class=\"wp-block-list\">\n<li>4 sztuki opon samochodowych na rok na jedn\u0105 nieruchomo\u015b\u0107 \/ lokal mieszkalny. Ka\u017cda dodatkowa opona przywieziona na PSZOK to 10 z\u0142 brutto<\/li>\n\n\n\n<li>500 kg odpad\u00f3w wielkogabarytowych na rok na jedn\u0105 nieruchomo\u015b\u0107 \/ lokal mieszkalny. Ka\u017cdy kilogram przywieziony dodatkowo na PSZOK to 1 z\u0142 brutto.<\/li>\n\n\n\n<li>1000 kg odpad\u00f3w remontowo-budowlanych na dwa lata na jedn\u0105 nieruchomo\u015b\u0107 \/ lokal mieszkalny. Ka\u017cdy dodatkowy kilogram to 0,60 z\u0142 brutto<\/li>\n<\/ul>\n","protected":false},"excerpt":{"rendered":"","protected":false},"author":3,"featured_media":0,"parent":0,"menu_order":0,"comment_status":"closed","ping_status":"closed","template":"","meta":{"footnotes":""},"class_list":["post-314","page","type-page","status-publish","hentry"],"_links":{"self":[{"href":"https:\/\/zgk.radlin.pl\/zgk\/index.php\/wp-json\/wp\/v2\/pages\/314","targetHints":{"allow":["GET"]}}],"collection":[{"href":"https:\/\/zgk.radlin.pl\/zgk\/index.php\/wp-json\/wp\/v2\/pages"}],"about":[{"href":"https:\/\/zgk.radlin.pl\/zgk\/index.php\/wp-json\/wp\/v2\/types\/page"}],"author":[{"embeddable":true,"href":"https:\/\/zgk.radlin.pl\/zgk\/index.php\/wp-json\/wp\/v2\/users\/3"}],"replies":[{"embeddable":true,"href":"https:\/\/zgk.radlin.pl\/zgk\/index.php\/wp-json\/wp\/v2\/comments?post=314"}],"version-history":[{"count":1,"href":"https:\/\/zgk.radlin.pl\/zgk\/index.php\/wp-json\/wp\/v2\/pages\/314\/revisions"}],"predecessor-version":[{"id":315,"href":"https:\/\/zgk.radlin.pl\/zgk\/index.php\/wp-json\/wp\/v2\/pages\/314\/revisions\/315"}],"wp:attachment":[{"href":"https:\/\/zgk.radlin.pl\/zgk\/index.php\/wp-json\/wp\/v2\/media?parent=314"}],"curies":[{"name":"wp","href":"https:\/\/api.w.org\/{rel}","templated":true}]}}