{"id":341,"date":"2025-06-03T14:45:10","date_gmt":"2025-06-03T12:45:10","guid":{"rendered":"https:\/\/zgk.radlin.pl\/zgk\/?page_id=341"},"modified":"2025-06-03T14:54:50","modified_gmt":"2025-06-03T12:54:50","slug":"segregacja-odpadow","status":"publish","type":"page","link":"https:\/\/zgk.radlin.pl\/zgk\/index.php\/segregacja-odpadow\/","title":{"rendered":"SEGREGACJA ODPAD\u00d3W"},"content":{"rendered":"\n<figure class=\"wp-block-image size-full\"><img loading=\"lazy\" decoding=\"async\" width=\"1024\" height=\"708\" src=\"https:\/\/zgk.radlin.pl\/zgk\/wp-content\/uploads\/2025\/06\/SEGREGACJA-ODPADOW.png\" alt=\"\" class=\"wp-image-346\" srcset=\"https:\/\/zgk.radlin.pl\/zgk\/wp-content\/uploads\/2025\/06\/SEGREGACJA-ODPADOW.png 1024w, https:\/\/zgk.radlin.pl\/zgk\/wp-content\/uploads\/2025\/06\/SEGREGACJA-ODPADOW-300x207.png 300w, https:\/\/zgk.radlin.pl\/zgk\/wp-content\/uploads\/2025\/06\/SEGREGACJA-ODPADOW-768x531.png 768w\" sizes=\"auto, (max-width: 1024px) 100vw, 1024px\" \/><\/figure>\n\n\n<div class=\"zMgcWd dSKvsb\" data-il=\"\">\n<div data-crb-p=\"\">\n<div class=\"xFTqob\">\n<ul>\n<li class=\"Gur8Ad\"><span data-huuid=\"101918697150732377\"><strong>Papier:<\/strong><\/span><\/li>\n<\/ul>\n<p>Do niebieskich work\u00f3w wrzucamy czyste opakowania z papieru i tektury, gazety, czasopisma, ulotki, kartony, zeszyty i papier biurowy.<\/p>\n<\/div>\n<\/div>\n<\/div>\n<div class=\"zMgcWd dSKvsb\" data-il=\"\">\n<div data-crb-p=\"\">\n<div class=\"xFTqob\">\n<ul>\n<li class=\"Gur8Ad\"><span data-huuid=\"101918697150730780\"><strong>Szk\u0142o:<\/strong><\/span><\/li>\n<\/ul>\n<div class=\"vM0jzc\"><span data-huuid=\"101918697150731613\">Do zielonych work\u00f3w wrzucamy puste opakowania szklane, w tym butelki, s\u0142oiki, opakowania po kosmetykach i lekach.<\/span><\/div>\n<div>\u00a0<\/div>\n<\/div>\n<\/div>\n<\/div>\n<div id=\"Hu8-aMaGMLzZwPAP3LG9sAc__76\" class=\"bsmXxe\">\n<div class=\"zMgcWd dSKvsb\" data-il=\"\">\n<div data-crb-p=\"\">\n<div class=\"xFTqob\">\n<ul>\n<li class=\"Gur8Ad\"><span data-huuid=\"101918697150733279\"><strong>Metale i tworzywa sztuczne:<\/strong><\/span><\/li>\n<\/ul>\n<div class=\"vM0jzc\"><span data-huuid=\"101918697150734112\">Do \u017c\u00f3\u0142tych work\u00f3w wrzucamy puste i zgniecione butelki plastikowe, plastikowe opakowania po produktach spo\u017cywczych, aluminiowe puszki, folie aluminiowe, zakr\u0119tki, opakowania wielomateria\u0142owe (kartony po mleku i sokach).<\/span><\/div>\n<div>\u00a0<\/div>\n<\/div>\n<\/div>\n<\/div>\n<\/div>\n<div id=\"Hu8-aMaGMLzZwPAP3LG9sAc__82\" class=\"bsmXxe\">\n<div class=\"zMgcWd dSKvsb\" data-il=\"\">\n<div data-crb-p=\"\">\n<div class=\"xFTqob\">\n<ul>\n<li class=\"Gur8Ad\"><span data-huuid=\"101918697150731682\"><strong>Bioodpady:<\/strong><\/span><\/li>\n<\/ul>\n<div class=\"vM0jzc\"><span data-huuid=\"101918697150732515\">Do br\u0105zowych pojemnik\u00f3w wrzucamy odpady organiczne, takie jak resztki jedzenia, owoce, warzywa, skoszona trawa, li\u015bcie, kwiaty, ga\u0142\u0119zie drzew i krzew\u00f3w.<\/span><\/div>\n<div>\u00a0<\/div>\n<\/div>\n<\/div>\n<\/div>\n<\/div>\n<div id=\"Hu8-aMaGMLzZwPAP3LG9sAc__85\" class=\"bsmXxe\">\n<div class=\"zMgcWd dSKvsb\" data-il=\"\">\n<div data-crb-p=\"\">\n<div class=\"xFTqob\">\n<ul>\n<li class=\"Gur8Ad\"><span data-huuid=\"101918697150734181\"><strong>Odpady zmieszane:<\/strong><\/span><\/li>\n<\/ul>\n<div class=\"vM0jzc\"><span data-huuid=\"101918697150730918\">Do pojemnik\u00f3w na odpady zmieszane wrzucamy wszystko, czego nie mo\u017cna segregowa\u0107 i co nie nadaje si\u0119 do ponownego przetworzenia<\/span><\/div>\n<\/div>\n<\/div>\n<\/div>\n<\/div>","protected":false},"excerpt":{"rendered":"<p>Papier: Do niebieskich work\u00f3w wrzucamy czyste opakowania z papieru i tektury, gazety, czasopisma, ulotki, kartony, zeszyty i papier biurowy. Szk\u0142o: Do zielonych work\u00f3w wrzucamy puste &hellip; <\/p>\n","protected":false},"author":3,"featured_media":0,"parent":0,"menu_order":0,"comment_status":"closed","ping_status":"closed","template":"","meta":{"footnotes":""},"class_list":["post-341","page","type-page","status-publish","hentry"],"_links":{"self":[{"href":"https:\/\/zgk.radlin.pl\/zgk\/index.php\/wp-json\/wp\/v2\/pages\/341","targetHints":{"allow":["GET"]}}],"collection":[{"href":"https:\/\/zgk.radlin.pl\/zgk\/index.php\/wp-json\/wp\/v2\/pages"}],"about":[{"href":"https:\/\/zgk.radlin.pl\/zgk\/index.php\/wp-json\/wp\/v2\/types\/page"}],"author":[{"embeddable":true,"href":"https:\/\/zgk.radlin.pl\/zgk\/index.php\/wp-json\/wp\/v2\/users\/3"}],"replies":[{"embeddable":true,"href":"https:\/\/zgk.radlin.pl\/zgk\/index.php\/wp-json\/wp\/v2\/comments?post=341"}],"version-history":[{"count":4,"href":"https:\/\/zgk.radlin.pl\/zgk\/index.php\/wp-json\/wp\/v2\/pages\/341\/revisions"}],"predecessor-version":[{"id":350,"href":"https:\/\/zgk.radlin.pl\/zgk\/index.php\/wp-json\/wp\/v2\/pages\/341\/revisions\/350"}],"wp:attachment":[{"href":"https:\/\/zgk.radlin.pl\/zgk\/index.php\/wp-json\/wp\/v2\/media?parent=341"}],"curies":[{"name":"wp","href":"https:\/\/api.w.org\/{rel}","templated":true}]}}