{"id":35,"date":"2024-11-15T10:42:03","date_gmt":"2024-11-15T09:42:03","guid":{"rendered":"https:\/\/zgk.radlin.pl\/zgk\/?page_id=35"},"modified":"2025-06-12T14:18:27","modified_gmt":"2025-06-12T12:18:27","slug":"dzial-mieszkaniowy","status":"publish","type":"page","link":"https:\/\/zgk.radlin.pl\/zgk\/index.php\/dzial-mieszkaniowy\/","title":{"rendered":"DZIA\u0141 MIESZKANIOWY"},"content":{"rendered":"\n<p><mark style=\"background-color:rgba(0, 0, 0, 0)\" class=\"has-inline-color has-black-color\">KONTAKT TEL<\/mark>. <strong>32 459 02 45<\/strong> lub <strong>32 459 02 56<\/strong><\/p>\n\n\n\n<p>E-MAIL: <strong>dm2.zgk@radlin.pl<\/strong> lub <strong>dm.zgk@radlin.pl<\/strong><\/p>\n\n\n\n<p>Obs\u0142uga petent\u00f3w w dziale mieszkaniowym &#8211; od poniedzia\u0142ku do pi\u0105tku w godzinach 12.00-14.00.<\/p>\n\n\n\n<p>Pozosta\u0142e godziny pracy dzia\u0142u przeznaczone s\u0105 do pracy w terenie.<\/p>\n\n\n\n<p><\/p>\n","protected":false},"excerpt":{"rendered":"<p>KONTAKT TEL. 32 459 02 45 lub 32 459 02 56 E-MAIL: dm2.zgk@radlin.pl lub dm.zgk@radlin.pl Obs\u0142uga petent\u00f3w w dziale mieszkaniowym &#8211; od poniedzia\u0142ku do pi\u0105tku &hellip; <\/p>\n","protected":false},"author":1,"featured_media":0,"parent":0,"menu_order":0,"comment_status":"closed","ping_status":"closed","template":"","meta":{"footnotes":""},"class_list":["post-35","page","type-page","status-publish","hentry"],"_links":{"self":[{"href":"https:\/\/zgk.radlin.pl\/zgk\/index.php\/wp-json\/wp\/v2\/pages\/35","targetHints":{"allow":["GET"]}}],"collection":[{"href":"https:\/\/zgk.radlin.pl\/zgk\/index.php\/wp-json\/wp\/v2\/pages"}],"about":[{"href":"https:\/\/zgk.radlin.pl\/zgk\/index.php\/wp-json\/wp\/v2\/types\/page"}],"author":[{"embeddable":true,"href":"https:\/\/zgk.radlin.pl\/zgk\/index.php\/wp-json\/wp\/v2\/users\/1"}],"replies":[{"embeddable":true,"href":"https:\/\/zgk.radlin.pl\/zgk\/index.php\/wp-json\/wp\/v2\/comments?post=35"}],"version-history":[{"count":7,"href":"https:\/\/zgk.radlin.pl\/zgk\/index.php\/wp-json\/wp\/v2\/pages\/35\/revisions"}],"predecessor-version":[{"id":419,"href":"https:\/\/zgk.radlin.pl\/zgk\/index.php\/wp-json\/wp\/v2\/pages\/35\/revisions\/419"}],"wp:attachment":[{"href":"https:\/\/zgk.radlin.pl\/zgk\/index.php\/wp-json\/wp\/v2\/media?parent=35"}],"curies":[{"name":"wp","href":"https:\/\/api.w.org\/{rel}","templated":true}]}}