{"id":363,"date":"2025-06-05T11:43:28","date_gmt":"2025-06-05T09:43:28","guid":{"rendered":"https:\/\/zgk.radlin.pl\/zgk\/?page_id=363"},"modified":"2025-06-05T12:18:32","modified_gmt":"2025-06-05T10:18:32","slug":"czynsze","status":"publish","type":"page","link":"https:\/\/zgk.radlin.pl\/zgk\/index.php\/czynsze\/","title":{"rendered":"CZYNSZE"},"content":{"rendered":"\n<p>Stawki zosta\u0142y ustalone zgodnie z <a href=\"https:\/\/www.eurzad.radlin.pl\/server\/pobierz_rejestry_zalacznik\/869732\">ZARZ\u0104DZENIEM Nr S.0050.0170.2022 BURMISTRZA RADLINA z dnia 14 czerwca 2022 r. w sprawie ustalenia stawek czynszu za 1 m2 powierzchni u\u017cytkowej lokali mieszkalnych wchodz\u0105cych w sk\u0142ad mieszkaniowego zasobu GMINY RADLIN<\/a>.<\/p>\n\n\n\n<p class=\"has-text-align-left\">Na podstawie art. 7 ust. 1 i art. 8 pkt 1 ustawy z dnia 21 czerwca 2001 r. o ochronie praw lokator\u00f3w, mieszkaniowym zasobie gminy i o zmianie Kodeksu cywilnego (Dz. U. z 2022 r. poz. 172), oraz uchwa\u0142y Rady Miejskiej w Radlinie <br>Nr S.0007.071.2020 z dnia 24 listopada 2020 r. w sprawie przyj\u0119cia \u201e<a href=\"https:\/\/www.eurzad.radlin.pl\/server\/pobierz_rejestry_zalacznik\/755517\">Programu Gospodarowania Mieszkaniowym Zasobem Gminy Radlin na lata 2021-2025<\/a>\u201d<\/p>\n\n\n\n<p class=\"has-text-align-left\"><br><strong>1.<\/strong> Stawka bazowa czynszu za 1 m2 powierzchni u\u017cytkowej lokali mieszkalnych wchodz\u0105cych w sk\u0142ad mieszkaniowego zasobu Gminy Radlin w wysoko\u015bci 4,50 z\u0142.<br><strong>2.<\/strong> Do ustalenia wysoko\u015bci czynszu za 1 m2 powierzchni u\u017cytkowej lokali mieszkalnych stosuje si\u0119 czynniki obni\u017caj\u0105ce i podwy\u017cszaj\u0105ce stawk\u0119 bazow\u0105 czynszu.<br><strong>3. Czynniki <mark style=\"background-color:rgba(0, 0, 0, 0)\" class=\"has-inline-color has-vivid-red-color\">obni\u017caj\u0105ce<\/mark> stawk\u0119 bazow\u0105 czynszu:<\/strong><br>    a) Mieszkanie z \u0142azienk\u0105 bez CO &#8211; 20% stawki bazowej czynszu<br>    b)  Mieszkanie tylko z wc &#8211; 40% stawki bazowej czynszu<br>    c)  Mieszkanie wyposa\u017cone w instalacj\u0119 wod.- kan., wc poza mieszkaniem &#8211; 50% stawki bazowej czynszu<br><strong>4. Czynniki <mark style=\"background-color:rgba(0, 0, 0, 0)\" class=\"has-inline-color has-vivid-red-color\">podwy\u017cszaj\u0105c<\/mark>e stawk\u0119 bazow\u0105 czynszu: <\/strong><br>    a) Mieszkanie w centrum * &#8211; 10 % stawki bazowej czynszu<br>    b)  Mieszkanie powy\u017cej pierwszej kondygnacji &#8211; 5% stawki bazowej czynszu<br>    c)  Mieszkanie o powierzchni u\u017cytkowej powy\u017cej 80 m\u00b2 &#8211; 30% stawki bazowej czynszu<br>* *Przez centrum &#8211; nale\u017cy rozumie\u0107 obwody nr 4, 5, 6, 7, 8 w rozumieniu<a href=\"https:\/\/www.eurzad.radlin.pl\/server\/pobierz_rejestry_zalacznik\/535366\"> Uchwa\u0142y Nr S.0007.037.2018 Rady Miejskiej<br>w Radlinie z dnia 24 kwietnia 2018 r. w sprawie podzia\u0142u Miasta Radlin na sta\u0142e obwody g\u0142osowania.<\/a><br><strong>5.<\/strong> Stawka czynszu w przypadku najmu socjalnego lokalu wynosi po\u0142ow\u0119 stawki najni\u017cszego czynszu obowi\u0105zuj\u0105cego w mieszkaniowym zasobie Gminy. Dla ustalenia wysoko\u015bci stawki czynszu najmu socjalnego lokalu nie stosuje si\u0119 czynnik\u00f3w podwy\u017cszaj\u0105cych, jak r\u00f3wnie\u017c obni\u017caj\u0105cych warto\u015b\u0107 u\u017cytkow\u0105 lokalu.<\/p>\n\n\n\n<p class=\"has-text-align-left\"><\/p>\n\n\n\n<p class=\"has-text-align-left\"><\/p>\n\n\n\n<p><\/p>\n","protected":false},"excerpt":{"rendered":"<p>Stawki zosta\u0142y ustalone zgodnie z ZARZ\u0104DZENIEM Nr S.0050.0170.2022 BURMISTRZA RADLINA z dnia 14 czerwca 2022 r. w sprawie ustalenia stawek czynszu za 1 m2 powierzchni &hellip; <\/p>\n","protected":false},"author":3,"featured_media":0,"parent":0,"menu_order":0,"comment_status":"closed","ping_status":"closed","template":"","meta":{"footnotes":""},"class_list":["post-363","page","type-page","status-publish","hentry"],"_links":{"self":[{"href":"https:\/\/zgk.radlin.pl\/zgk\/index.php\/wp-json\/wp\/v2\/pages\/363","targetHints":{"allow":["GET"]}}],"collection":[{"href":"https:\/\/zgk.radlin.pl\/zgk\/index.php\/wp-json\/wp\/v2\/pages"}],"about":[{"href":"https:\/\/zgk.radlin.pl\/zgk\/index.php\/wp-json\/wp\/v2\/types\/page"}],"author":[{"embeddable":true,"href":"https:\/\/zgk.radlin.pl\/zgk\/index.php\/wp-json\/wp\/v2\/users\/3"}],"replies":[{"embeddable":true,"href":"https:\/\/zgk.radlin.pl\/zgk\/index.php\/wp-json\/wp\/v2\/comments?post=363"}],"version-history":[{"count":9,"href":"https:\/\/zgk.radlin.pl\/zgk\/index.php\/wp-json\/wp\/v2\/pages\/363\/revisions"}],"predecessor-version":[{"id":379,"href":"https:\/\/zgk.radlin.pl\/zgk\/index.php\/wp-json\/wp\/v2\/pages\/363\/revisions\/379"}],"wp:attachment":[{"href":"https:\/\/zgk.radlin.pl\/zgk\/index.php\/wp-json\/wp\/v2\/media?parent=363"}],"curies":[{"name":"wp","href":"https:\/\/api.w.org\/{rel}","templated":true}]}}