{"id":380,"date":"2025-06-05T12:26:51","date_gmt":"2025-06-05T10:26:51","guid":{"rendered":"https:\/\/zgk.radlin.pl\/zgk\/?page_id=380"},"modified":"2025-06-05T13:35:21","modified_gmt":"2025-06-05T11:35:21","slug":"windykacja","status":"publish","type":"page","link":"https:\/\/zgk.radlin.pl\/zgk\/index.php\/windykacja\/","title":{"rendered":"WINDYKACJA"},"content":{"rendered":"\n<p><strong>Windykacja nale\u017cno\u015bci<\/strong><\/p>\n\n\n\n<p>Zak\u0142ad Gospodarki Komunalnej w Radlinie podejmuje szereg dzia\u0142a\u0144 zmierzaj\u0105cych do odzyskania nale\u017cno\u015bci przys\u0142uguj\u0105cych Miastu Radlin za zajmowane komunalne lokale mieszkalne i\u00a0u\u017cytkowe, obejmuj\u0105 one tak\u017ce dzia\u0142ania maj\u0105ce na celu odzyskanie ww. lokali.<\/p>\n\n\n\n<p>Stosowane s\u0105 nast\u0119puj\u0105ce metody pozyskania nale\u017cno\u015bci:<\/p>\n\n\n\n<p><strong>Windykacja przeds\u0105dowa obejmuj\u0105ca: <\/strong><\/p>\n\n\n\n<ul class=\"wp-block-list\">\n<li>wysy\u0142anie upomnie\u0144\/wezwa\u0144 do dobrowolnej zap\u0142aty,<\/li>\n\n\n\n<li>wysy\u0142anie wezwa\u0144 z rygorem skierowania sprawy do s\u0105du,<\/li>\n\n\n\n<li>wysy\u0142anie wezwa\u0144 do zap\u0142aty z rygorem wypowiedzenia umowy,<\/li>\n\n\n\n<li>wypowiadanie um\u00f3w najmu.<\/li>\n<\/ul>\n\n\n\n<p><strong>Windykacja s\u0105dowa i egzekucyjna obejmuj\u0105ca:<\/strong><\/p>\n\n\n\n<ul class=\"wp-block-list\">\n<li>kierowanie spraw o zap\u0142at\u0119 na drog\u0119 post\u0119powania s\u0105dowego,<\/li>\n\n\n\n<li>kierowanie spraw o eksmisj\u0119 na drog\u0119 post\u0119powania s\u0105dowego,<\/li>\n\n\n\n<li>kierowanie spraw na drog\u0119 post\u0119powania egzekucyjnego po uzyskaniu tytu\u0142u wykonawczego.<\/li>\n<\/ul>\n\n\n\n<p><\/p>\n","protected":false},"excerpt":{"rendered":"<p>Windykacja nale\u017cno\u015bci Zak\u0142ad Gospodarki Komunalnej w Radlinie podejmuje szereg dzia\u0142a\u0144 zmierzaj\u0105cych do odzyskania nale\u017cno\u015bci przys\u0142uguj\u0105cych Miastu Radlin za zajmowane komunalne lokale mieszkalne i\u00a0u\u017cytkowe, obejmuj\u0105 one &hellip; <\/p>\n","protected":false},"author":3,"featured_media":0,"parent":0,"menu_order":0,"comment_status":"closed","ping_status":"closed","template":"","meta":{"footnotes":""},"class_list":["post-380","page","type-page","status-publish","hentry"],"_links":{"self":[{"href":"https:\/\/zgk.radlin.pl\/zgk\/index.php\/wp-json\/wp\/v2\/pages\/380","targetHints":{"allow":["GET"]}}],"collection":[{"href":"https:\/\/zgk.radlin.pl\/zgk\/index.php\/wp-json\/wp\/v2\/pages"}],"about":[{"href":"https:\/\/zgk.radlin.pl\/zgk\/index.php\/wp-json\/wp\/v2\/types\/page"}],"author":[{"embeddable":true,"href":"https:\/\/zgk.radlin.pl\/zgk\/index.php\/wp-json\/wp\/v2\/users\/3"}],"replies":[{"embeddable":true,"href":"https:\/\/zgk.radlin.pl\/zgk\/index.php\/wp-json\/wp\/v2\/comments?post=380"}],"version-history":[{"count":2,"href":"https:\/\/zgk.radlin.pl\/zgk\/index.php\/wp-json\/wp\/v2\/pages\/380\/revisions"}],"predecessor-version":[{"id":385,"href":"https:\/\/zgk.radlin.pl\/zgk\/index.php\/wp-json\/wp\/v2\/pages\/380\/revisions\/385"}],"wp:attachment":[{"href":"https:\/\/zgk.radlin.pl\/zgk\/index.php\/wp-json\/wp\/v2\/media?parent=380"}],"curies":[{"name":"wp","href":"https:\/\/api.w.org\/{rel}","templated":true}]}}