{"id":39,"date":"2024-11-15T10:44:52","date_gmt":"2024-11-15T09:44:52","guid":{"rendered":"https:\/\/zgk.radlin.pl\/zgk\/?page_id=39"},"modified":"2026-03-31T07:03:37","modified_gmt":"2026-03-31T05:03:37","slug":"aktualnosci","status":"publish","type":"page","link":"https:\/\/zgk.radlin.pl\/zgk\/index.php\/aktualnosci\/","title":{"rendered":"AKTUALNO\u015aCI"},"content":{"rendered":"\n<hr class=\"wp-block-separator has-alpha-channel-opacity\"\/>\n\n\n\n<h1 class=\"wp-block-heading\">Nieczynny PSZOK w okresie wielkanocnym<\/h1>\n\n\n\n<p><\/p>\n\n\n\n<p id=\"block-d5c9e391-b0a6-4da8-982b-92432732a44e\">W dniu 04.04.2026 r., (Wielka Sobota) PSZOK w Radlinie b\u0119dzie nieczynny.<\/p>\n\n\n\n<hr class=\"wp-block-separator has-alpha-channel-opacity\"\/>\n\n\n\n<div class=\"wp-block-buttons is-layout-flex wp-block-buttons-is-layout-flex\">\n<div class=\"wp-block-button is-style-outline is-style-outline--1\"><a class=\"wp-block-button__link wp-element-button\" href=\"https:\/\/zgk.radlin.pl\/zgk\/index.php\/przetarg-nieograniczony-na-najem-lokalu-uzytkowego-korfantego-61-radlin\/\">Og\u0142oszenie o przetargu nieograniczonym na najem lokalu u\u017cytkowego &#8211; Korfantego 61, Radlin<\/a><\/div>\n<\/div>\n\n\n\n<hr class=\"wp-block-separator has-alpha-channel-opacity\"\/>\n\n\n\n<div class=\"wp-block-buttons is-layout-flex wp-block-buttons-is-layout-flex\">\n<div class=\"wp-block-button is-style-outline is-style-outline--2\"><a class=\"wp-block-button__link wp-element-button\" href=\"https:\/\/zgk.radlin.pl\/zgk\/index.php\/ogloszenie-o-naborze-na-wolne-stanowisko-urzednicze-inspektor\/\">Og\u0142oszenie o naborze na wolne stanowisko urz\u0119dnicze &#8211; Inspektor<\/a><\/div>\n<\/div>\n\n\n\n<div class=\"wp-block-buttons is-layout-flex wp-block-buttons-is-layout-flex\">\n<div class=\"wp-block-button is-style-outline is-style-outline--3\"><a class=\"wp-block-button__link wp-element-button\" href=\"https:\/\/zgk.radlin.pl\/zgk\/wp-content\/uploads\/2025\/12\/Informacja-o-wyniku-naboru-inspektor-ZGK.pdf\">Informacja o wyniku naboru &#8211; Inspektor ZGK Radlin<\/a><\/div>\n<\/div>\n\n\n\n<hr class=\"wp-block-separator has-alpha-channel-opacity\"\/>\n\n\n\n<p class=\"has-text-align-center\"><strong>KOMUNIKAT O\u015aRODKA POMOCY SPO\u0141ECZNEJ<\/strong><\/p>\n\n\n\n<p>Sejm w dniu 12 wrze\u015bnia 2025 r. uchwali\u0142 ustaw\u0119 o bonie ciep\u0142owniczym, kt\u00f3ry jest wsparciem dla gospodarstw domowych o niskich dochodach, do\u015bwiadczaj\u0105cych skokowego wzrostu cen ciep\u0142a systemowego dostarczanego przez przedsi\u0119biorstwa energetyczne.<\/p>\n\n\n\n<p><strong>Komu b\u0119dzie przys\u0142ugiwa\u0107?<\/strong><\/p>\n\n\n\n<p>Warunki jego przyznawania s\u0105 \u015bci\u015ble okre\u015blone i uzale\u017cnione od dochod\u00f3w oraz koszt\u00f3w ogrzewania. Bon ciep\u0142owniczy jest \u015bwiadczeniem jednorazowym, przys\u0142ugiwa\u0107 b\u0119dzie dla gospodarstw domowych, kt\u00f3re:<\/p>\n\n\n\n<p>\u2022 osi\u0105gaj\u0105 miesi\u0119czny doch\u00f3d r\u00f3wny lub ni\u017cszy ni\u017c 3272,69 z\u0142 w przypadku gospodarstw jednoosobowych;<\/p>\n\n\n\n<p>\u2022 osi\u0105gaj\u0105 miesi\u0119czny doch\u00f3d r\u00f3wny lub ni\u017cszy ni\u017c 2454,52 z\u0142 na osob\u0119 w przypadku gospodarstw wieloosobowych.<\/p>\n\n\n\n<p><strong>Aby otrzyma\u0107 bon, konieczne b\u0119dzie korzystanie z ciep\u0142a systemowego dostarczanego przez przedsi\u0119biorstwo energetyczne oraz ponoszenie koszt\u00f3w przekraczaj\u0105cych 170 z\u0142\/GJ. (*)<\/strong><\/p>\n\n\n\n<p><strong>Wa\u017cne<\/strong><\/p>\n\n\n\n<p>Jednocze\u015bnie obowi\u0105zywa\u0107 b\u0119dzie tzw. zasada z\u0142ot\u00f3wka za z\u0142ot\u00f3wk\u0119, co oznacza, i\u017c bon ciep\u0142owniczy b\u0119dzie przyznawany nawet po przekroczeniu kryterium dochodowego, a kwota bonu b\u0119dzie pomniejszana o kwot\u0119 tego przekroczenia. Minimalna kwota wyp\u0142acanych bon\u00f3w energetycznych b\u0119dzie wynosi\u0107 20 z\u0142. Poni\u017cej 20 z\u0142 kwota bonu energetycznego nie b\u0119dzie wyp\u0142acana.<\/p>\n\n\n\n<p>Organ wyp\u0142acaj\u0105cy \u015bwiadczenie b\u0119dzie bra\u0142 pod uwag\u0119 wysoko\u015b\u0107 przeci\u0119tnego miesi\u0119cznego dochodu w rozumieniu art. 3 pkt 1 ustawy z 28 listopada 2003 r. o \u015bwiadczeniach rodzinnych (tekst jednolity: Dz U z 2025 r poz.1208).<\/p>\n\n\n\n<p><strong>Ile wyniesie bon ciep\u0142owniczy? Konkretne kwoty i okresy obowi\u0105zywania<\/strong><\/p>\n\n\n\n<p>Bon ciep\u0142owniczy zostanie przyznany dwukrotnie<\/p>\n\n\n\n<p>\u2013 za drug\u0105 po\u0142ow\u0119 2025 roku oraz za ca\u0142y rok 2026. <\/p>\n\n\n\n<p><strong>Kwoty \u015bwiadczenia b\u0119d\u0105 zale\u017ce\u0107 od poziomu cen ciep\u0142a:<\/strong><\/p>\n\n\n\n<p><strong><em>Za okres od 1 lipca 2025 r. do 31 grudnia 2025 r. (jednorazowo):<\/em><\/strong><\/p>\n\n\n\n<p>\u2022 500 z\u0142 \u2013 gdy cena ciep\u0142a przekroczy 170 z\u0142\/GJ i nie b\u0119dzie wy\u017csza ni\u017c 200 z\u0142\/GJ,<\/p>\n\n\n\n<p>\u2022 1000 z\u0142 \u2013 gdy cena ciep\u0142a przekroczy 200 z\u0142\/GJ i nie b\u0119dzie wy\u017csza ni\u017c 230 z\u0142\/GJ,<\/p>\n\n\n\n<p>\u2022 1750 z\u0142 \u2013 gdy cena ciep\u0142a przekroczy 230 z\u0142\/GJ.<\/p>\n\n\n\n<p><strong><em>Za okres od 1 stycznia 2026 r. do 31 grudnia 2026 r. (jednorazowo):<\/em><\/strong><\/p>\n\n\n\n<p>\u2022 1000 z\u0142 \u2013 gdy cena ciep\u0142a przekroczy 170 z\u0142\/GJ i nie b\u0119dzie wy\u017csza ni\u017c 200 z\u0142\/GJ,<\/p>\n\n\n\n<p>\u2022 2000 z\u0142 \u2013 gdy cena ciep\u0142a przekroczy 200 z\u0142\/GJ i nie b\u0119dzie wy\u017csza ni\u017c 230 z\u0142\/GJ,<\/p>\n\n\n\n<p>\u2022 3500 z\u0142 \u2013 gdy cena ciep\u0142a przekroczy 230 z\u0142\/GJ.<\/p>\n\n\n\n<p>(* ) &#8211; jednostkowa cena ciep\u0142a ustalana przez przedsi\u0119biorstwo energetyczne<\/p>\n\n\n\n<p>Do wniosku nale\u017cy za\u0142\u0105czy\u0107 za\u015bwiadczenie ze sp\u00f3\u0142dzielni, od zarz\u0105dcy wsp\u00f3lnoty lub innych podmiot\u00f3w zobowi\u0105zanych do zapewnienia dostaw ciep\u0142a do lokalu, gdzie znajduje si\u0119 gospodarstwo domowe. Za\u015bwiadczenie potwierdza fakt korzystania gospodarstwa z ciep\u0142a dostarczanego przez przedsi\u0119biorstwo energetyczne oraz wysoko\u015b\u0107 ceny ciep\u0142a netto, kt\u00f3ra decyduje warto\u015bci przyznanego bonu ciep\u0142owniczego.<\/p>\n\n\n\n<p>Wz\u00f3r za\u015bwiadczenia dost\u0119pny jest na stronie internetowej: <a href=\"https:\/\/www.gov.pl\/web\/energia\/wzory-wnioskow-i-zaswiadczen\">https:\/\/www.gov.pl\/web\/energia\/wzory-wnioskow-i-zaswiadczen<\/a><\/p>\n\n\n\n<p>Wnioski o wyp\u0142at\u0119 bonu ciep\u0142owniczego gospodarstwa domowe b\u0119d\u0105 mog\u0142y z\u0142o\u017cy\u0107 w formie papierowej w <strong>O\u015brodku Pomocy Spo\u0142ecznej w Radlinie<\/strong> lub<strong> elektronicznie poprzez platform\u0119 ePUAP, stron\u0119 gov.pl <\/strong>oraz<strong> aplikacj\u0119 mObywate<\/strong>l.<\/p>\n\n\n\n<p><strong>Wnioski o bon ciep\u0142owniczy za:<\/strong><\/p>\n\n\n\n<p>\u20222025 r. b\u0119d\u0105 przyjmowane w okresie 03.11.2025 r. \u2013 15.12.2025 r.,<\/p>\n\n\n\n<p>\u20222026 r. b\u0119d\u0105 przyjmowane w okresie 01.07.2026 r. \u2013 31.08.2026 r.<\/p>\n\n\n\n<p>Wnioski z\u0142o\u017cone po tym terminie pozostan\u0105 bez rozpatrzenia.<\/p>\n\n\n\n<p><strong>Na rozpatrzenie prawid\u0142owo z\u0142o\u017conego wniosku przez wnioskodawc\u0119 organ b\u0119dzie mia\u0142 90 dni.<\/strong><\/p>\n\n\n\n<p><strong>Szczeg\u00f3\u0142owe informacje mo\u017cna uzyska\u0107 w Referacie \u015awiadcze\u0144 Rodzinnych i Alimentacyjnych<\/strong> <strong>O\u015brodka Pomocy Spo\u0142ecznej w Radlinie pod numerem tel. 32 4567072.<\/strong><\/p>\n\n\n\n<hr class=\"wp-block-separator has-alpha-channel-opacity\"\/>\n\n\n\n<h2 class=\"wp-block-heading\">Godziny otwarcia PSZOK RADLIN<\/h2>\n\n\n\n<p>Szanowni Mieszka\u0144cy,<br>przypominamy, i\u017c w okresie od 1 pa\u017adziernika do 31 marca Punkt Selektywnego Zbierania Odpad\u00f3w&nbsp;Komunalnych w Radlinie w soboty czynny b\u0119dzie od godziny 9:00 do godziny 14:30. <\/p>\n\n\n\n<p>Pozosta\u0142e dni bez zmian:<br>wtorek od 8.00 do 14.00<br>\u015broda od 12.00 do 18.00<br>pi\u0105tek od 8.00 do 14.00.<\/p>\n\n\n\n<hr class=\"wp-block-separator has-alpha-channel-opacity\"\/>\n\n\n\n<h2 class=\"wp-block-heading\"><strong>Przetarg pisemny nieograniczony na najem lokalu u\u017cytkowego w Radlinie, ul. Korfantego 61<\/strong><\/h2>\n\n\n\n<div data-wp-interactive=\"core\/file\" class=\"wp-block-file\"><object data-wp-bind--hidden=\"!state.hasPdfPreview\" hidden class=\"wp-block-file__embed\" data=\"https:\/\/zgk.radlin.pl\/zgk\/wp-content\/uploads\/2025\/09\/Ogloszenie-o-przetargu-niegraniczonym.pdf\" type=\"application\/pdf\" style=\"width:100%;height:600px\" aria-label=\"Osadzone z Og\u0142oszenie o przetargu niegraniczonym.\"><\/object><a id=\"wp-block-file--media-32396cb9-2053-47c1-9ad7-c3007f7285af\" href=\"https:\/\/zgk.radlin.pl\/zgk\/wp-content\/uploads\/2025\/09\/Ogloszenie-o-przetargu-niegraniczonym.pdf\">Og\u0142oszenie o przetargu niegraniczonym<\/a><a href=\"https:\/\/zgk.radlin.pl\/zgk\/wp-content\/uploads\/2025\/09\/Ogloszenie-o-przetargu-niegraniczonym.pdf\" class=\"wp-block-file__button wp-element-button\" download aria-describedby=\"wp-block-file--media-32396cb9-2053-47c1-9ad7-c3007f7285af\">Pobierz<\/a><\/div>\n\n\n\n<hr class=\"wp-block-separator has-alpha-channel-opacity\"\/>\n\n\n\n<p>Witamy na naszej stronie internetowej.<\/p>\n","protected":false},"excerpt":{"rendered":"<p>Nieczynny PSZOK w okresie wielkanocnym W dniu 04.04.2026 r., (Wielka Sobota) PSZOK w Radlinie b\u0119dzie nieczynny. KOMUNIKAT O\u015aRODKA POMOCY SPO\u0141ECZNEJ Sejm w dniu 12 wrze\u015bnia &hellip; <\/p>\n","protected":false},"author":1,"featured_media":0,"parent":0,"menu_order":0,"comment_status":"closed","ping_status":"closed","template":"","meta":{"footnotes":""},"class_list":["post-39","page","type-page","status-publish","hentry"],"_links":{"self":[{"href":"https:\/\/zgk.radlin.pl\/zgk\/index.php\/wp-json\/wp\/v2\/pages\/39","targetHints":{"allow":["GET"]}}],"collection":[{"href":"https:\/\/zgk.radlin.pl\/zgk\/index.php\/wp-json\/wp\/v2\/pages"}],"about":[{"href":"https:\/\/zgk.radlin.pl\/zgk\/index.php\/wp-json\/wp\/v2\/types\/page"}],"author":[{"embeddable":true,"href":"https:\/\/zgk.radlin.pl\/zgk\/index.php\/wp-json\/wp\/v2\/users\/1"}],"replies":[{"embeddable":true,"href":"https:\/\/zgk.radlin.pl\/zgk\/index.php\/wp-json\/wp\/v2\/comments?post=39"}],"version-history":[{"count":23,"href":"https:\/\/zgk.radlin.pl\/zgk\/index.php\/wp-json\/wp\/v2\/pages\/39\/revisions"}],"predecessor-version":[{"id":541,"href":"https:\/\/zgk.radlin.pl\/zgk\/index.php\/wp-json\/wp\/v2\/pages\/39\/revisions\/541"}],"wp:attachment":[{"href":"https:\/\/zgk.radlin.pl\/zgk\/index.php\/wp-json\/wp\/v2\/media?parent=39"}],"curies":[{"name":"wp","href":"https:\/\/api.w.org\/{rel}","templated":true}]}}