{"id":66,"date":"2024-11-15T11:18:19","date_gmt":"2024-11-15T10:18:19","guid":{"rendered":"https:\/\/zgk.radlin.pl\/zgk\/?page_id=66"},"modified":"2024-11-15T14:23:08","modified_gmt":"2024-11-15T13:23:08","slug":"o-nas","status":"publish","type":"page","link":"https:\/\/zgk.radlin.pl\/zgk\/","title":{"rendered":"O NAS"},"content":{"rendered":"\n<div class=\"wp-block-cover alignleft\"><span aria-hidden=\"true\" class=\"wp-block-cover__background has-background-dim\"><\/span><img loading=\"lazy\" decoding=\"async\" width=\"1024\" height=\"576\" class=\"wp-block-cover__image-background wp-image-28\" alt=\"\" src=\"https:\/\/zgk.radlin.pl\/zgk\/wp-content\/uploads\/2024\/11\/ZGK-w-Radlinie-1024x576.jpg\" data-object-fit=\"cover\" srcset=\"https:\/\/zgk.radlin.pl\/zgk\/wp-content\/uploads\/2024\/11\/ZGK-w-Radlinie-1024x576.jpg 1024w, https:\/\/zgk.radlin.pl\/zgk\/wp-content\/uploads\/2024\/11\/ZGK-w-Radlinie-300x169.jpg 300w, https:\/\/zgk.radlin.pl\/zgk\/wp-content\/uploads\/2024\/11\/ZGK-w-Radlinie-768x432.jpg 768w, https:\/\/zgk.radlin.pl\/zgk\/wp-content\/uploads\/2024\/11\/ZGK-w-Radlinie-1536x864.jpg 1536w, https:\/\/zgk.radlin.pl\/zgk\/wp-content\/uploads\/2024\/11\/ZGK-w-Radlinie-840x473.jpg 840w, https:\/\/zgk.radlin.pl\/zgk\/wp-content\/uploads\/2024\/11\/ZGK-w-Radlinie.jpg 1920w\" sizes=\"auto, (max-width: 1024px) 100vw, 1024px\" \/><div class=\"wp-block-cover__inner-container is-layout-flow wp-block-cover-is-layout-flow\">\n<p class=\"has-text-align-center has-large-font-size\"><\/p>\n<\/div><\/div>\n\n\n\n<div class=\"wp-block-group is-nowrap is-layout-flex wp-container-core-group-is-layout-ad2f72ca wp-block-group-is-layout-flex\">\n<blockquote class=\"wp-block-quote is-layout-flow wp-block-quote-is-layout-flow\">\n<p><\/p>\n\n\n\n<p class=\"has-text-align-left\">Zak\u0142ad Gospodarki Komunalnej w Radlinie zosta\u0142 utworzony 1 kwietnia 1997 roku.<\/p>\n\n\n\n<p>Zak\u0142ad realizuje zadania gminy w zakresie: <\/p>\n\n\n\n<p>letniego i zimowego utrzymania dr\u00f3g, chodnik\u00f3w, zieleni na terenach miejskich wraz z parkami, skwerami, placami zabaw i si\u0142owniami, utrzymania kanalizacji deszczowej, zarz\u0105dzania gminnym zasobem mieszkaniowym, obs\u0142ugi PSZOK.<\/p>\n<\/blockquote>\n<\/div>\n\n\n\n<figure class=\"wp-block-gallery has-nested-images columns-default is-cropped wp-block-gallery-1 is-layout-flex wp-block-gallery-is-layout-flex\"><\/figure>\n","protected":false},"excerpt":{"rendered":"<p>Zak\u0142ad Gospodarki Komunalnej w Radlinie zosta\u0142 utworzony 1 kwietnia 1997 roku. Zak\u0142ad realizuje zadania gminy w zakresie: letniego i zimowego utrzymania dr\u00f3g, chodnik\u00f3w, zieleni na &hellip; <\/p>\n","protected":false},"author":1,"featured_media":0,"parent":0,"menu_order":0,"comment_status":"closed","ping_status":"closed","template":"","meta":{"footnotes":""},"class_list":["post-66","page","type-page","status-publish","hentry"],"_links":{"self":[{"href":"https:\/\/zgk.radlin.pl\/zgk\/index.php\/wp-json\/wp\/v2\/pages\/66","targetHints":{"allow":["GET"]}}],"collection":[{"href":"https:\/\/zgk.radlin.pl\/zgk\/index.php\/wp-json\/wp\/v2\/pages"}],"about":[{"href":"https:\/\/zgk.radlin.pl\/zgk\/index.php\/wp-json\/wp\/v2\/types\/page"}],"author":[{"embeddable":true,"href":"https:\/\/zgk.radlin.pl\/zgk\/index.php\/wp-json\/wp\/v2\/users\/1"}],"replies":[{"embeddable":true,"href":"https:\/\/zgk.radlin.pl\/zgk\/index.php\/wp-json\/wp\/v2\/comments?post=66"}],"version-history":[{"count":15,"href":"https:\/\/zgk.radlin.pl\/zgk\/index.php\/wp-json\/wp\/v2\/pages\/66\/revisions"}],"predecessor-version":[{"id":209,"href":"https:\/\/zgk.radlin.pl\/zgk\/index.php\/wp-json\/wp\/v2\/pages\/66\/revisions\/209"}],"wp:attachment":[{"href":"https:\/\/zgk.radlin.pl\/zgk\/index.php\/wp-json\/wp\/v2\/media?parent=66"}],"curies":[{"name":"wp","href":"https:\/\/api.w.org\/{rel}","templated":true}]}}